{"id":837,"date":"2025-04-23T09:14:37","date_gmt":"2025-04-23T09:14:37","guid":{"rendered":"https:\/\/wtflow.gal\/?page_id=837"},"modified":"2025-04-23T09:14:37","modified_gmt":"2025-04-23T09:14:37","slug":"politica-de-cookies","status":"publish","type":"page","link":"https:\/\/wtflow.gal\/gl\/politica-de-cookies\/","title":{"rendered":"Pol\u00edtica de Cookies"},"content":{"rendered":"<div class=\"wp-block-group alignfull has-global-padding is-layout-constrained wp-container-core-group-is-layout-7a3688e9 wp-block-group-is-layout-constrained\">\n<h2 class=\"wp-block-heading has-raleway-font-family\">\u00bfQu\u00e9 es una Cookie?<\/h2>\n\n\n\n<p class=\"has-raleway-font-family\">Una Cookie es un peque\u00f1o fichero de texto que un sitio web coloca en su PC, tel\u00e9fono o cualquier otro dispositivo, con informaci\u00f3n sobre su navegaci\u00f3n en dicho sitio. Las Cookies son necesarias para facilitar la navegaci\u00f3n y hacerla m\u00e1s amigable, y no da\u00f1an su ordenador.<\/p>\n\n\n\n<p class=\"has-raleway-font-family\">Si bien en la presente pol\u00edtica se utiliza el t\u00e9rmino general de \u201cCookie\u201d, pues es el principal m\u00e9todo de almacenamiento de informaci\u00f3n que utiliza este sitio web, tambi\u00e9n es utilizado el espacio de \u201cAlmacenamiento local\u201d del navegador para los mismos prop\u00f3sitos que las Cookies. En este sentido, toda la informaci\u00f3n incluida en esta secci\u00f3n es aplicable igualmente a este \u201cAlmacenamiento local\u201d.<\/p>\n\n\n\n<h2 class=\"wp-block-heading has-raleway-font-family\">\u00bfPara qu\u00e9 se utilizan las Cookies en este sitio web?<\/h2>\n\n\n\n<p class=\"has-raleway-font-family\">Las Cookies son una parte esencial de c\u00f3mo funciona nuestro sitio web. El objetivo principal de nuestras Cookies es mejorar su experiencia en la navegaci\u00f3n. Por ejemplo, son utilizadas para recordar sus preferencias (idioma, pa\u00eds, etc.) durante la navegaci\u00f3n y en futuras visitas.<\/p>\n\n\n\n<p class=\"has-raleway-font-family\">La informaci\u00f3n recogida en las Cookies nos permite, adem\u00e1s, mejorar la web mediante estimaciones sobre n\u00fameros y patrones de uso, la adaptaci\u00f3n del sitio web a los intereses individuales de los usuarios, la aceleraci\u00f3n de las b\u00fasquedas, etc.<\/p>\n\n\n\n<p class=\"has-raleway-font-family\">En ocasiones, si hemos obtenido su previo consentimiento informado, podremos utilizar Cookies, tags u otros dispositivos similares para obtener informaci\u00f3n que nos permita mostrarle desde nuestro sitio web, los de terceros, o cualquier otro medio o publicidad basada en el an\u00e1lisis de sus h\u00e1bitos de navegaci\u00f3n.<\/p>\n\n\n\n<h2 class=\"wp-block-heading has-raleway-font-family\">\u00bfPara qu\u00e9 NO se utilizan las Cookies en esta web?<\/h2>\n\n\n\n<p class=\"has-raleway-font-family\">Nosotros no almacenamos informaci\u00f3n sensible de identificaci\u00f3n personal como su direcci\u00f3n, su contrase\u00f1a, los datos de su tarjeta de cr\u00e9dito o d\u00e9bito, etc., en las Cookies que utilizamos.<\/p>\n\n\n\n<h2 class=\"wp-block-heading has-raleway-font-family\">\u00bfQui\u00e9n utiliza la informaci\u00f3n almacenada en las Cookies?<\/h2>\n\n\n\n<p class=\"has-raleway-font-family\">La informaci\u00f3n almacenada en las Cookies de nuestro sitio web es utilizada exclusivamente por nosotros, a excepci\u00f3n de aquellas identificadas m\u00e1s adelante como \u201cCookies de terceros\u201d, que son utilizadas y gestionadas por entidades externas para proporcionarnos servicios solicitados por nosotros para mejorar nuestros servicios y la experiencia del usuario al navegar en nuestro sitio web. Los principales servicios para los que se utilizan estas \u201cCookies de terceros\u201d son la obtenci\u00f3n de estad\u00edsticas de accesos y garantizar las operaciones de pago realizadas (en caso de existir).<\/p>\n\n\n\n<h2 class=\"wp-block-heading has-raleway-font-family\">\u00bfC\u00f3mo puedo evitar el uso de Cookies en este sitio web?<\/h2>\n\n\n\n<p class=\"has-raleway-font-family\">Si usted prefiere evitar el uso de Cookies en esta p\u00e1gina teniendo en cuenta las limitaciones anteriores debe, en primer lugar, deshabilitar en su navegador el uso de Cookies y, en segundo lugar, eliminar las Cookies guardadas en su navegador asociadas a este sitio web.<\/p>\n\n\n\n<p class=\"has-raleway-font-family\">Esta posibilidad de evitar el uso de Cookies puede ser llevada a cabo por usted en cualquier momento.<\/p>\n\n\n\n<h2 class=\"wp-block-heading has-raleway-font-family\">\u00bfC\u00f3mo deshabilito y elimino la utilizaci\u00f3n de Cookies?<\/h2>\n\n\n\n<p class=\"has-raleway-font-family\">Para restringir, bloquear o borrar las Cookies de este sitio web puede hacerlo, en cualquier momento, modificando la configuraci\u00f3n de su navegador conforme a las pautas que se indican a continuaci\u00f3n. Si bien la parametrizaci\u00f3n de cada navegador es diferente, es habitual que la configuraci\u00f3n de las Cookies se realice en el men\u00fa de \u201cPreferencias\u201d o \u201cHerramientas\u201d. Para m\u00e1s detalle sobre la configuraci\u00f3n de las Cookies en su navegador, consulte el men\u00fa \u00abAyuda\u00bb del mismo.<\/p>\n\n\n\n<ul class=\"wp-block-list has-raleway-font-family\">\n<li>Firefox:\u00a0<a href=\"http:\/\/support.mozilla.org\/es\/home\" target=\"_blank\" rel=\"noreferrer noopener\">http:\/\/support.mozilla.org\/es\/home<\/a><\/li>\n\n\n\n<li>Chrome:\u00a0<a href=\"https:\/\/support.google.com\/chrome\/answer\/95647?hl=es\" target=\"_blank\" rel=\"noreferrer noopener\">https:\/\/support.google.com\/chrome\/answer\/95647?hl=es<\/a><\/li>\n\n\n\n<li>Microsoft Edge:\u00a0<a href=\"https:\/\/support.microsoft.com\/es-es\/products\/microsoft-edge\" target=\"_blank\" rel=\"noreferrer noopener\">https:\/\/support.microsoft.com\/es-es\/products\/microsoft-edge<\/a><\/li>\n\n\n\n<li>Internet Explorer:\u00a0<a href=\"http:\/\/support.microsoft.com\/ph\/807\/es-es\" target=\"_blank\" rel=\"noreferrer noopener\">http:\/\/support.microsoft.com\/ph\/807\/es-es<\/a><\/li>\n\n\n\n<li>Safari:\u00a0<a href=\"http:\/\/support.apple.com\/kb\/HT1677?viewlocale=es_ES\" target=\"_blank\" rel=\"noreferrer noopener\">http:\/\/support.apple.com\/kb\/HT1677?viewlocale=es_ES<\/a><\/li>\n\n\n\n<li>Opera:\u00a0<a href=\"http:\/\/help.opera.com\/Windows\/8.54\/es-ES\/index.html\" target=\"_blank\" rel=\"noreferrer noopener\">http:\/\/help.opera.com\/Windows\/8.54\/es-ES\/index.html<\/a><\/li>\n<\/ul>\n\n\n\n<p class=\"has-raleway-font-family\">Si quieres m\u00e1s informaci\u00f3n sobre las cookies y c\u00f3mo funcionan puedes visitar la siguiente web:&nbsp;<a href=\"http:\/\/www.youronlinechoices.com\/es\/\" target=\"_blank\" rel=\"noreferrer noopener\">http:\/\/www.youronlinechoices.com\/es\/<\/a><\/p>\n\n\n\n<h2 class=\"wp-block-heading has-raleway-font-family\" id=\"cuadro-cookies\">Cuadro de cookies<\/h2>\n\n\n\n<h3 class=\"wp-block-heading has-raleway-font-family\">Cookies necesarias<\/h3>\n\n\n\n<ul class=\"wp-block-list has-raleway-font-family\">\n<li>Cookie: cookieyes-consent<\/li>\n\n\n\n<li>Dominio: www.wtflow.gal<\/li>\n\n\n\n<li>Duraci\u00f3n: 1 a\u00f1o<\/li>\n\n\n\n<li>Descripci\u00f3n: CookieYes establece esta cookie para recordar las preferencias de consentimiento de los usuarios, de modo que se respeten sus preferencias en las siguientes visitas a este sitio. No recoge ni almacena ninguna informaci\u00f3n personal sobre los visitantes del sitio.<\/li>\n<\/ul>\n\n\n\n<ul class=\"wp-block-list has-raleway-font-family\">\n<li>Cookie: wordpress_test_cookie<\/li>\n\n\n\n<li>Dominio: www.wtflow.gal<\/li>\n\n\n\n<li>Duraci\u00f3n: sesi\u00f3n<\/li>\n\n\n\n<li>Descripci\u00f3n: WordPress establece esta cookie para determinar si las cookies est\u00e1n habilitadas en los navegadores de los usuarios.<\/li>\n<\/ul>\n\n\n\n<h3 class=\"wp-block-heading has-raleway-font-family\">Cookies anal\u00edticas<\/h3>\n\n\n\n<ul class=\"wp-block-list has-raleway-font-family\">\n<li>Cookie: _ga_*<\/li>\n\n\n\n<li>Dominio: .wtflow.gal<\/li>\n\n\n\n<li>Duraci\u00f3n: 1 a\u00f1o 1 mes 4 d\u00edas<\/li>\n\n\n\n<li>Descripci\u00f3n: Google Analytics establece esta cookie para almacenar y contar las visitas a la p\u00e1gina.<\/li>\n<\/ul>\n\n\n\n<ul class=\"wp-block-list has-raleway-font-family\">\n<li>Cookie: _ga<\/li>\n\n\n\n<li>Dominio: .wtflow.gal<\/li>\n\n\n\n<li>Duraci\u00f3n: 1 a\u00f1o 1 mes 4 d\u00edas<\/li>\n\n\n\n<li>Descripci\u00f3n: Google Analytics establece esta cookie para calcular los datos de los visitantes, de las sesiones y de las campa\u00f1as y para hacer un seguimiento del uso del sitio para el informe de an\u00e1lisis del sitio. La cookie almacena la informaci\u00f3n de forma an\u00f3nima y asigna un n\u00famero generado aleatoriamente para reconocer a los visitantes \u00fanicos.<\/li>\n<\/ul>\n<\/div>","protected":false},"excerpt":{"rendered":"<p>\u00bfQu\u00e9 es una Cookie? Una Cookie es un peque\u00f1o fichero de texto que un sitio web coloca en su PC, tel\u00e9fono o cualquier otro dispositivo, con informaci\u00f3n sobre su navegaci\u00f3n en dicho sitio. Las Cookies son necesarias para facilitar la navegaci\u00f3n y hacerla m\u00e1s amigable, y no da\u00f1an su ordenador. Si bien en la presente [&hellip;]<\/p>","protected":false},"author":1,"featured_media":0,"parent":0,"menu_order":0,"comment_status":"closed","ping_status":"closed","template":"","meta":{"inline_featured_image":false,"footnotes":""},"class_list":["post-837","page","type-page","status-publish","hentry"],"jetpack_sharing_enabled":true,"_links":{"self":[{"href":"https:\/\/wtflow.gal\/gl\/wp-json\/wp\/v2\/pages\/837","targetHints":{"allow":["GET"]}}],"collection":[{"href":"https:\/\/wtflow.gal\/gl\/wp-json\/wp\/v2\/pages"}],"about":[{"href":"https:\/\/wtflow.gal\/gl\/wp-json\/wp\/v2\/types\/page"}],"author":[{"embeddable":true,"href":"https:\/\/wtflow.gal\/gl\/wp-json\/wp\/v2\/users\/1"}],"replies":[{"embeddable":true,"href":"https:\/\/wtflow.gal\/gl\/wp-json\/wp\/v2\/comments?post=837"}],"version-history":[{"count":1,"href":"https:\/\/wtflow.gal\/gl\/wp-json\/wp\/v2\/pages\/837\/revisions"}],"predecessor-version":[{"id":838,"href":"https:\/\/wtflow.gal\/gl\/wp-json\/wp\/v2\/pages\/837\/revisions\/838"}],"wp:attachment":[{"href":"https:\/\/wtflow.gal\/gl\/wp-json\/wp\/v2\/media?parent=837"}],"curies":[{"name":"wp","href":"https:\/\/api.w.org\/{rel}","templated":true}]}}